{"id":55,"date":"2025-09-17T15:04:35","date_gmt":"2025-09-17T14:04:35","guid":{"rendered":"https:\/\/samu-gprp.fr\/?page_id=55"},"modified":"2026-01-04T02:14:19","modified_gmt":"2026-01-04T01:14:19","slug":"recrutement","status":"publish","type":"page","link":"https:\/\/samu-gprp.fr\/index.php\/recrutement\/","title":{"rendered":"Recrutement"},"content":{"rendered":"\t\t<div data-elementor-type=\"wp-page\" data-elementor-id=\"55\" class=\"elementor elementor-55\">\n\t\t\t\t<div class=\"elementor-element elementor-element-7bc1982 e-flex e-con-boxed e-con e-parent\" data-id=\"7bc1982\" data-element_type=\"container\">\n\t\t\t\t\t<div class=\"e-con-inner\">\n\t\t\t\t<div class=\"elementor-element elementor-element-b67be97 elementor-widget elementor-widget-text-editor\" data-id=\"b67be97\" data-element_type=\"widget\" data-widget_type=\"text-editor.default\">\n\t\t\t\t\t\t\t\t\t<p>\ud83e\ude7a <strong data-start=\"100\" data-end=\"125\">Rejoignez nos \u00e9quipes<\/strong><br data-start=\"125\" data-end=\"128\" \/>Le SAMU de Paris recherche r\u00e9guli\u00e8rement de nouveaux profils motiv\u00e9s pour renforcer ses \u00e9quipes m\u00e9dicales et param\u00e9dicales.<br data-start=\"251\" data-end=\"254\" \/>Que vous soyez \u00e9tudiant en sant\u00e9, professionnel confirm\u00e9 ou volontaire, vous pouvez d\u00e9poser votre candidature en remplissant le formulaire ci-dessous.<\/p>\t\t\t\t\t\t\t\t<\/div>\n\t\t\t\t<div class=\"elementor-element elementor-element-6d97bc9 elementor-widget elementor-widget-shortcode\" data-id=\"6d97bc9\" data-element_type=\"widget\" data-widget_type=\"shortcode.default\">\n\t\t\t\t\t\t\t<div class=\"elementor-shortcode\">\n        <div style=\"max-width:600px; margin:50px auto; padding:40px; background:#1e293b;\n                    border-radius:16px; text-align:center; color:#94a3b8; border:1px solid #334155;\">\n            <div style=\"font-size:48px; margin-bottom:16px;\">\ud83d\udd12<\/div>\n            <h3 style=\"color:#f1f5f9; margin:0 0 12px;\">Connexion requise<\/h3>\n            <p>Connectez-vous pour acc\u00e9der au formulaire de recrutement.<\/p>\n            <a href=\"https:\/\/samu-gprp.fr\/wp-login.php?redirect_to=https%3A%2F%2Fsamu-gprp.fr%2Findex.php%2Frecrutement%2F\" \n               style=\"display:inline-block; margin-top:16px; padding:12px 24px; background:#22c55e;\n                      color:#022c22; border-radius:8px; font-weight:700; text-decoration:none;\">\n                Se connecter\n            <\/a>\n        <\/div><\/div>\n\t\t\t\t\t\t<\/div>\n\t\t\t\t\t<\/div>\n\t\t\t\t<\/div>\n\t\t\t\t<\/div>\n\t\t","protected":false},"excerpt":{"rendered":"<p>\ud83e\ude7a Rejoignez nos \u00e9quipesLe SAMU de Paris recherche r\u00e9guli\u00e8rement de nouveaux profils motiv\u00e9s pour renforcer ses \u00e9quipes m\u00e9dicales et param\u00e9dicales.Que vous soyez \u00e9tudiant en sant\u00e9, professionnel confirm\u00e9 ou volontaire, vous pouvez d\u00e9poser votre candidature en remplissant le formulaire ci-dessous.<\/p>\n","protected":false},"author":78,"featured_media":0,"parent":0,"menu_order":0,"comment_status":"closed","ping_status":"closed","template":"","meta":{"_acf_changed":false,"om_disable_all_campaigns":false,"_monsterinsights_skip_tracking":false,"_monsterinsights_sitenote_active":false,"_monsterinsights_sitenote_note":"","_monsterinsights_sitenote_category":0,"footnotes":""},"class_list":["post-55","page","type-page","status-publish","hentry"],"acf":[],"aioseo_notices":[],"ams_acf":[],"_links":{"self":[{"href":"https:\/\/samu-gprp.fr\/index.php\/wp-json\/wp\/v2\/pages\/55","targetHints":{"allow":["GET"]}}],"collection":[{"href":"https:\/\/samu-gprp.fr\/index.php\/wp-json\/wp\/v2\/pages"}],"about":[{"href":"https:\/\/samu-gprp.fr\/index.php\/wp-json\/wp\/v2\/types\/page"}],"author":[{"embeddable":true,"href":"https:\/\/samu-gprp.fr\/index.php\/wp-json\/wp\/v2\/users\/78"}],"replies":[{"embeddable":true,"href":"https:\/\/samu-gprp.fr\/index.php\/wp-json\/wp\/v2\/comments?post=55"}],"version-history":[{"count":16,"href":"https:\/\/samu-gprp.fr\/index.php\/wp-json\/wp\/v2\/pages\/55\/revisions"}],"predecessor-version":[{"id":3408,"href":"https:\/\/samu-gprp.fr\/index.php\/wp-json\/wp\/v2\/pages\/55\/revisions\/3408"}],"wp:attachment":[{"href":"https:\/\/samu-gprp.fr\/index.php\/wp-json\/wp\/v2\/media?parent=55"}],"curies":[{"name":"wp","href":"https:\/\/api.w.org\/{rel}","templated":true}]}}